{"id":421,"date":"2023-12-01T16:17:36","date_gmt":"2023-12-01T15:17:36","guid":{"rendered":"https:\/\/goulmy-electricite.fr\/?page_id=421"},"modified":"2024-01-22T01:58:03","modified_gmt":"2024-01-22T00:58:03","slug":"qui-sommes-nous-2","status":"publish","type":"page","link":"https:\/\/goulmy-electricite.fr\/index.php\/qui-sommes-nous-2\/","title":{"rendered":"Qui sommes nous ?"},"content":{"rendered":"\n<div id=\"wp-block-themeisle-blocks-advanced-columns-f93fcce9\" class=\"wp-block-themeisle-blocks-advanced-columns has-2-columns has-desktop-equal-layout has-tablet-equal-layout has-mobile-collapsedRows-layout has-vertical-unset\"><div class=\"wp-block-themeisle-blocks-advanced-columns-overlay\"><\/div><div class=\"innerblocks-wrap\">\n<div id=\"wp-block-themeisle-blocks-advanced-column-8ec205a3\" class=\"wp-block-themeisle-blocks-advanced-column\">\n<figure class=\"wp-block-image size-large is-resized\"><img loading=\"lazy\" decoding=\"async\" width=\"1024\" height=\"683\" src=\"https:\/\/goulmy-electricite.fr\/wp-content\/uploads\/2023\/11\/electric-4198293_1920-1024x683.jpg\" alt=\"\" class=\"wp-image-373\" style=\"width:468px;height:auto\" srcset=\"https:\/\/goulmy-electricite.fr\/wp-content\/uploads\/2023\/11\/electric-4198293_1920-1024x683.jpg 1024w, https:\/\/goulmy-electricite.fr\/wp-content\/uploads\/2023\/11\/electric-4198293_1920-300x200.jpg 300w, https:\/\/goulmy-electricite.fr\/wp-content\/uploads\/2023\/11\/electric-4198293_1920-768x512.jpg 768w, https:\/\/goulmy-electricite.fr\/wp-content\/uploads\/2023\/11\/electric-4198293_1920-1536x1024.jpg 1536w, https:\/\/goulmy-electricite.fr\/wp-content\/uploads\/2023\/11\/electric-4198293_1920-930x620.jpg 930w, https:\/\/goulmy-electricite.fr\/wp-content\/uploads\/2023\/11\/electric-4198293_1920.jpg 1920w\" sizes=\"(max-width: 1024px) 100vw, 1024px\" \/><\/figure>\n<\/div>\n\n\n\n<div id=\"wp-block-themeisle-blocks-advanced-column-43e3fe09\" class=\"wp-block-themeisle-blocks-advanced-column\">\n<h3 class=\"wp-block-heading has-text-align-left\"><strong>Chez GOULMY Electricit\u00e9, nous sommes votre partenaire d\u00e9di\u00e9 pour tous vos besoins en \u00e9lectricit\u00e9. <\/strong><\/h3>\n\n\n\n<p class=\"has-text-align-left\">Sp\u00e9cialis\u00e9s dans l&#8217;installation, la r\u00e9paration et l&#8217;am\u00e9lioration des syst\u00e8mes \u00e9lectriques, nous offrons des services complets pour les clients r\u00e9sidentiels, commerciaux et industriels.<\/p>\n<\/div>\n<\/div><\/div>\n\n\n\n<div style=\"height:52px\" aria-hidden=\"true\" class=\"wp-block-spacer\"><\/div>\n\n\n\n<h2 id=\"wp-block-themeisle-blocks-advanced-heading-4cc447f5\" class=\"wp-block-themeisle-blocks-advanced-heading wp-block-themeisle-blocks-advanced-heading-4cc447f5\">Goulmy Electricit\u00e9, votre partenaire de confiance pour tous vos besoins en \u00e9lectricit\u00e9.<\/h2>\n\n\n\n<p> Notre entreprise est sp\u00e9cialis\u00e9e dans l&#8217;installation, la maintenance et la r\u00e9paration des syst\u00e8mes \u00e9lectriques pour les particuliers et les professionnels autour de Dinan, Dinard et St Malo. <\/p>\n\n\n\n<p>Nous nous engageons \u00e0 fournir des services de haute qualit\u00e9, en mettant l&#8217;accent sur la s\u00e9curit\u00e9, la fiabilit\u00e9 et l&#8217;efficacit\u00e9 \u00e9nerg\u00e9tique. Nous sommes \u00e0 votre disposition pour r\u00e9pondre \u00e0 vos besoins, que ce soit pour des travaux de c\u00e2blage, l&#8217;installation d&#8217;\u00e9clairage, la mise au norme de votre installation, la mise en place de syst\u00e8mes domotiques ou toute autre demande li\u00e9e \u00e0 l&#8217;\u00e9lectricit\u00e9. <\/p>\n\n\n\n<p>Chez Goulmy Electricit\u00e9, nous sommes soucieux de l&#8217;environnement et nous nous effor\u00e7ons de proposer des solutions durables \u00e0 nos clients. Nous sommes \u00e9galement \u00e0 la pointe des derni\u00e8res technologies en mati\u00e8re d&#8217;efficacit\u00e9 \u00e9nerg\u00e9tique, afin de vous aider \u00e0 r\u00e9duire votre consommation d&#8217;\u00e9nergie et \u00e0 r\u00e9aliser des \u00e9conomies \u00e0 long terme. Faites-nous confiance pour tous vos projets \u00e9lectriques. <\/p>\n\n\n\n<p>Contactez-nous d\u00e8s aujourd&#8217;hui pour en savoir plus sur nos services et d\u00e9couvrir comment nous pouvons vous aider \u00e0 concr\u00e9tiser vos projets en toute s\u00e9curit\u00e9 et efficacit\u00e9.&#8221;<\/p>\n\n\n\n<div style=\"height:19px\" aria-hidden=\"true\" class=\"wp-block-spacer\"><\/div>\n\n\n\n<div class=\"wp-block-group has-global-padding is-layout-constrained wp-block-group-is-layout-constrained\">\n<div class=\"wp-block-columns are-vertically-aligned-center is-layout-flex wp-container-core-columns-layout-1 wp-block-columns-is-layout-flex\">\n<div class=\"wp-block-column is-vertically-aligned-center is-layout-flow wp-block-column-is-layout-flow\">\n<h2 class=\"wp-block-heading has-large-font-size\" style=\"font-weight:700\">Goulmy \u00c9lectricit\u00e9<\/h2>\n\n\n\n<p style=\"font-size:clamp(0.875em, 0.875rem + ((1vw - 0.2em) * 0.375), 1.1em);\"><\/p>\n\n\n\n<p style=\"font-size:clamp(0.875em, 0.875rem + ((1vw - 0.2em) * 0.375), 1.1em);\">Phone: +33 6 16 25 09 69<br>Email: <a href=\"mailto:contact@goulmy-electricite.fr\">contact@goulmy-electricite.fr<\/a><\/p>\n\n\n\n<ul class=\"wp-block-social-links has-icon-color is-style-logos-only is-layout-flex wp-block-social-links-is-layout-flex\"><li style=\"color: #000000; \" class=\"wp-social-link wp-social-link-facebook has-black-color wp-block-social-link\"><a href=\"https:\/\/facebook.com\/\" class=\"wp-block-social-link-anchor\"><svg width=\"24\" height=\"24\" viewBox=\"0 0 24 24\" version=\"1.1\" xmlns=\"http:\/\/www.w3.org\/2000\/svg\" aria-hidden=\"true\" focusable=\"false\"><path d=\"M12 2C6.5 2 2 6.5 2 12c0 5 3.7 9.1 8.4 9.9v-7H7.9V12h2.5V9.8c0-2.5 1.5-3.9 3.8-3.9 1.1 0 2.2.2 2.2.2v2.5h-1.3c-1.2 0-1.6.8-1.6 1.6V12h2.8l-.4 2.9h-2.3v7C18.3 21.1 22 17 22 12c0-5.5-4.5-10-10-10z\"><\/path><\/svg><span class=\"wp-block-social-link-label screen-reader-text\">Facebook<\/span><\/a><\/li>\n\n<li style=\"color: #000000; \" class=\"wp-social-link wp-social-link-instagram has-black-color wp-block-social-link\"><a href=\"https:\/\/instagram.com\" class=\"wp-block-social-link-anchor\"><svg width=\"24\" height=\"24\" viewBox=\"0 0 24 24\" version=\"1.1\" xmlns=\"http:\/\/www.w3.org\/2000\/svg\" aria-hidden=\"true\" focusable=\"false\"><path d=\"M12,4.622c2.403,0,2.688,0.009,3.637,0.052c0.877,0.04,1.354,0.187,1.671,0.31c0.42,0.163,0.72,0.358,1.035,0.673 c0.315,0.315,0.51,0.615,0.673,1.035c0.123,0.317,0.27,0.794,0.31,1.671c0.043,0.949,0.052,1.234,0.052,3.637 s-0.009,2.688-0.052,3.637c-0.04,0.877-0.187,1.354-0.31,1.671c-0.163,0.42-0.358,0.72-0.673,1.035 c-0.315,0.315-0.615,0.51-1.035,0.673c-0.317,0.123-0.794,0.27-1.671,0.31c-0.949,0.043-1.233,0.052-3.637,0.052 s-2.688-0.009-3.637-0.052c-0.877-0.04-1.354-0.187-1.671-0.31c-0.42-0.163-0.72-0.358-1.035-0.673 c-0.315-0.315-0.51-0.615-0.673-1.035c-0.123-0.317-0.27-0.794-0.31-1.671C4.631,14.688,4.622,14.403,4.622,12 s0.009-2.688,0.052-3.637c0.04-0.877,0.187-1.354,0.31-1.671c0.163-0.42,0.358-0.72,0.673-1.035 c0.315-0.315,0.615-0.51,1.035-0.673c0.317-0.123,0.794-0.27,1.671-0.31C9.312,4.631,9.597,4.622,12,4.622 M12,3 C9.556,3,9.249,3.01,8.289,3.054C7.331,3.098,6.677,3.25,6.105,3.472C5.513,3.702,5.011,4.01,4.511,4.511 c-0.5,0.5-0.808,1.002-1.038,1.594C3.25,6.677,3.098,7.331,3.054,8.289C3.01,9.249,3,9.556,3,12c0,2.444,0.01,2.751,0.054,3.711 c0.044,0.958,0.196,1.612,0.418,2.185c0.23,0.592,0.538,1.094,1.038,1.594c0.5,0.5,1.002,0.808,1.594,1.038 c0.572,0.222,1.227,0.375,2.185,0.418C9.249,20.99,9.556,21,12,21s2.751-0.01,3.711-0.054c0.958-0.044,1.612-0.196,2.185-0.418 c0.592-0.23,1.094-0.538,1.594-1.038c0.5-0.5,0.808-1.002,1.038-1.594c0.222-0.572,0.375-1.227,0.418-2.185 C20.99,14.751,21,14.444,21,12s-0.01-2.751-0.054-3.711c-0.044-0.958-0.196-1.612-0.418-2.185c-0.23-0.592-0.538-1.094-1.038-1.594 c-0.5-0.5-1.002-0.808-1.594-1.038c-0.572-0.222-1.227-0.375-2.185-0.418C14.751,3.01,14.444,3,12,3L12,3z M12,7.378 c-2.552,0-4.622,2.069-4.622,4.622S9.448,16.622,12,16.622s4.622-2.069,4.622-4.622S14.552,7.378,12,7.378z M12,15 c-1.657,0-3-1.343-3-3s1.343-3,3-3s3,1.343,3,3S13.657,15,12,15z M16.804,6.116c-0.596,0-1.08,0.484-1.08,1.08 s0.484,1.08,1.08,1.08c0.596,0,1.08-0.484,1.08-1.08S17.401,6.116,16.804,6.116z\"><\/path><\/svg><span class=\"wp-block-social-link-label screen-reader-text\">Instagram<\/span><\/a><\/li>\n\n<li style=\"color: #000000; \" class=\"wp-social-link wp-social-link-twitter has-black-color wp-block-social-link\"><a href=\"https:\/\/twitter.com\" class=\"wp-block-social-link-anchor\"><svg width=\"24\" height=\"24\" viewBox=\"0 0 24 24\" version=\"1.1\" xmlns=\"http:\/\/www.w3.org\/2000\/svg\" aria-hidden=\"true\" focusable=\"false\"><path d=\"M22.23,5.924c-0.736,0.326-1.527,0.547-2.357,0.646c0.847-0.508,1.498-1.312,1.804-2.27 c-0.793,0.47-1.671,0.812-2.606,0.996C18.324,4.498,17.257,4,16.077,4c-2.266,0-4.103,1.837-4.103,4.103 c0,0.322,0.036,0.635,0.106,0.935C8.67,8.867,5.647,7.234,3.623,4.751C3.27,5.357,3.067,6.062,3.067,6.814 c0,1.424,0.724,2.679,1.825,3.415c-0.673-0.021-1.305-0.206-1.859-0.513c0,0.017,0,0.034,0,0.052c0,1.988,1.414,3.647,3.292,4.023 c-0.344,0.094-0.707,0.144-1.081,0.144c-0.264,0-0.521-0.026-0.772-0.074c0.522,1.63,2.038,2.816,3.833,2.85 c-1.404,1.1-3.174,1.756-5.096,1.756c-0.331,0-0.658-0.019-0.979-0.057c1.816,1.164,3.973,1.843,6.29,1.843 c7.547,0,11.675-6.252,11.675-11.675c0-0.178-0.004-0.355-0.012-0.531C20.985,7.47,21.68,6.747,22.23,5.924z\"><\/path><\/svg><span class=\"wp-block-social-link-label screen-reader-text\">Twitter<\/span><\/a><\/li><\/ul>\n<\/div>\n\n\n\n<div class=\"wp-block-column is-vertically-aligned-center is-layout-flow wp-block-column-is-layout-flow\">\n<div style=\"height:68px\" aria-hidden=\"true\" class=\"wp-block-spacer\"><\/div>\n\n\n\n<iframe src=\"https:\/\/www.google.com\/maps\/embed?pb=!1m18!1m12!1m3!1d219334.28137173716!2d-2.171111071867709!3d48.52070263999382!2m3!1f0!2f0!3f0!3m2!1i1024!2i768!4f13.1!3m3!1m2!1s0x480e8a19322f72d9%3A0x40ca5cd36e637e0!2s22100%20Dinan!5e0!3m2!1sfr!2sfr!4v1705079005584!5m2!1sfr!2sfr\" width=\"600\" height=\"450\" style=\"border:0;\" allowfullscreen=\"\" loading=\"lazy\" referrerpolicy=\"no-referrer-when-downgrade\"><\/iframe>\n<\/div>\n<\/div>\n<\/div>\n\n\n\n<div style=\"height:52px\" aria-hidden=\"true\" class=\"wp-block-spacer\"><\/div>\n","protected":false},"excerpt":{"rendered":"<p>Notre entreprise est sp\u00e9cialis\u00e9e dans l&#8217;installation, la maintenance et la r\u00e9paration des syst\u00e8mes \u00e9lectriques pour les particuliers et les professionnels autour de Dinan, Dinard et St Malo. Nous nous engageons \u00e0 fournir des services de haute qualit\u00e9, en mettant l&#8217;accent sur la s\u00e9curit\u00e9, la fiabilit\u00e9 et l&#8217;efficacit\u00e9 \u00e9nerg\u00e9tique. Nous sommes \u00e0 votre disposition pour r\u00e9pondre &hellip; <\/p>\n<p class=\"link-more\"><a href=\"https:\/\/goulmy-electricite.fr\/index.php\/qui-sommes-nous-2\/\" class=\"more-link\">Read more<span class=\"screen-reader-text\"> &#8220;Qui sommes nous ?&#8221;<\/span><\/a><\/p>\n","protected":false},"author":1,"featured_media":0,"parent":0,"menu_order":0,"comment_status":"closed","ping_status":"closed","template":"","meta":{"_themeisle_gutenberg_block_has_review":false,"_ti_tpc_template_sync":false,"_ti_tpc_template_id":"","footnotes":""},"_links":{"self":[{"href":"https:\/\/goulmy-electricite.fr\/index.php\/wp-json\/wp\/v2\/pages\/421"}],"collection":[{"href":"https:\/\/goulmy-electricite.fr\/index.php\/wp-json\/wp\/v2\/pages"}],"about":[{"href":"https:\/\/goulmy-electricite.fr\/index.php\/wp-json\/wp\/v2\/types\/page"}],"author":[{"embeddable":true,"href":"https:\/\/goulmy-electricite.fr\/index.php\/wp-json\/wp\/v2\/users\/1"}],"replies":[{"embeddable":true,"href":"https:\/\/goulmy-electricite.fr\/index.php\/wp-json\/wp\/v2\/comments?post=421"}],"version-history":[{"count":27,"href":"https:\/\/goulmy-electricite.fr\/index.php\/wp-json\/wp\/v2\/pages\/421\/revisions"}],"predecessor-version":[{"id":695,"href":"https:\/\/goulmy-electricite.fr\/index.php\/wp-json\/wp\/v2\/pages\/421\/revisions\/695"}],"wp:attachment":[{"href":"https:\/\/goulmy-electricite.fr\/index.php\/wp-json\/wp\/v2\/media?parent=421"}],"curies":[{"name":"wp","href":"https:\/\/api.w.org\/{rel}","templated":true}]}}