{"id":10,"date":"2023-11-25T13:14:02","date_gmt":"2023-11-25T12:14:02","guid":{"rendered":"https:\/\/goulmy-electricite.fr\/?page_id=10"},"modified":"2024-01-22T02:17:22","modified_gmt":"2024-01-22T01:17:22","slug":"accueil","status":"publish","type":"page","link":"https:\/\/goulmy-electricite.fr\/","title":{"rendered":"Accueil"},"content":{"rendered":"\n<hr class=\"wp-block-separator aligncenter has-alpha-channel-opacity\"\/>\n\n\n\n<div class=\"wp-block-group has-global-padding is-layout-constrained wp-block-group-is-layout-constrained\">\n<p class=\"has-text-align-center\"><strong>  <\/strong><\/p>\n\n\n\n<div style=\"height:44px\" aria-hidden=\"true\" class=\"wp-block-spacer\"><\/div>\n\n\n\n<h2 class=\"wp-block-heading has-text-align-center\"><strong>Entreprise en \u00e9lectricit\u00e9 g\u00e9n\u00e9rale sp\u00e9cialis\u00e9e dans l&#8217;installation, la r\u00e9paration et la gestion des syst\u00e8mes \u00e9lectriques.  <\/strong><\/h2>\n\n\n\n<p class=\"has-text-align-center\">Nous vous offrons une gamme de services li\u00e9s \u00e0 l&#8217;\u00e9lectricit\u00e9 pour les clients r\u00e9sidentiels, commerciaux et industriels <\/p>\n\n\n\n<p class=\"has-text-align-center\">autour de Dinan, Saint-Malo et Dinard.<\/p>\n<\/div>\n\n\n\n<div style=\"height:100px\" aria-hidden=\"true\" class=\"wp-block-spacer\"><\/div>\n\n\n\n<div id=\"wp-block-themeisle-blocks-advanced-columns-86845165\" class=\"wp-block-themeisle-blocks-advanced-columns alignfull has-3-columns has-desktop-equal-layout has-tablet-equal-layout has-mobile-collapsedRows-layout has-vertical-center has-light-bg\"><div class=\"wp-block-themeisle-blocks-advanced-columns-overlay\"><\/div><div class=\"innerblocks-wrap\">\n<div id=\"wp-block-themeisle-blocks-advanced-column-e7bbeb5a\" class=\"wp-block-themeisle-blocks-advanced-column has-light-bg\">\n<div class=\"wp-block-themeisle-blocks-service\">\n<div id=\"wp-block-themeisle-blocks-font-awesome-icons-ff7f3feb\" class=\"wp-block-themeisle-blocks-font-awesome-icons\"><span class=\"wp-block-themeisle-blocks-font-awesome-icons-container\"><i class=\"fas fa-check\"><\/i><\/span><\/div>\n\n\n\n<h3 id=\"wp-block-themeisle-blocks-advanced-heading-d833b0ae\" class=\"wp-block-themeisle-blocks-advanced-heading wp-block-themeisle-blocks-advanced-heading-d833b0ae\">Des experts de l&#8217;\u00e9lectricit\u00e9<\/h3>\n\n\n\n<p id=\"wp-block-themeisle-blocks-advanced-heading-3c547613\" class=\"wp-block-themeisle-blocks-advanced-heading wp-block-themeisle-blocks-advanced-heading-3c547613\">D\u00e9vou\u00e9s \u00e0 vous garantir la s\u00e9curit\u00e9 et l&#8217;efficacit\u00e9 de vos installations \u00e9lectriques<\/p>\n<\/div>\n<\/div>\n\n\n\n<div id=\"wp-block-themeisle-blocks-advanced-column-a586ec67\" class=\"wp-block-themeisle-blocks-advanced-column\">\n<div id=\"wp-block-themeisle-blocks-font-awesome-icons-d0853668\" class=\"wp-block-themeisle-blocks-font-awesome-icons\"><span class=\"wp-block-themeisle-blocks-font-awesome-icons-container\"><i class=\"fas fa-check\"><\/i><\/span><\/div>\n\n\n\n<h3 id=\"wp-block-themeisle-blocks-advanced-heading-097e987c\" class=\"wp-block-themeisle-blocks-advanced-heading wp-block-themeisle-blocks-advanced-heading-097e987c\">Des estimations clairs<\/h3>\n\n\n\n<p id=\"wp-block-themeisle-blocks-advanced-heading-b9750e24\" class=\"wp-block-themeisle-blocks-advanced-heading wp-block-themeisle-blocks-advanced-heading-b9750e24\">\u00a0Une approche professionnelle et transparente pour r\u00e9pondre \u00e0 vos besoins sp\u00e9cifiques<\/p>\n<\/div>\n\n\n\n<div id=\"wp-block-themeisle-blocks-advanced-column-3311cfd9\" class=\"wp-block-themeisle-blocks-advanced-column\">\n<div id=\"wp-block-themeisle-blocks-font-awesome-icons-9b1fad42\" class=\"wp-block-themeisle-blocks-font-awesome-icons\"><span class=\"wp-block-themeisle-blocks-font-awesome-icons-container\"><i class=\"fas fa-check\"><\/i><\/span><\/div>\n\n\n\n<h3 id=\"wp-block-themeisle-blocks-advanced-heading-70ffa1be\" class=\"wp-block-themeisle-blocks-advanced-heading wp-block-themeisle-blocks-advanced-heading-70ffa1be\">Respect des d\u00e9lais<\/h3>\n\n\n\n<p id=\"wp-block-themeisle-blocks-advanced-heading-f7b297f4\" class=\"wp-block-themeisle-blocks-advanced-heading wp-block-themeisle-blocks-advanced-heading-f7b297f4\">Une valeur fondamentale qui guide notre engagement envers nos clients<\/p>\n<\/div>\n<\/div><\/div>\n\n\n\n<div style=\"height:100px\" aria-hidden=\"true\" class=\"wp-block-spacer\"><\/div>\n\n\n\n<div class=\"wp-block-group alignfull has-background has-global-padding is-layout-constrained wp-block-group-is-layout-constrained\" style=\"background-color:#e5e9ec;padding-top:var(--wp--preset--spacing--small);padding-bottom:var(--wp--preset--spacing--small)\">\n<div class=\"wp-block-columns is-layout-flex wp-container-core-columns-layout-1 wp-block-columns-is-layout-flex\" style=\"padding-right:0;padding-left:0\">\n<div class=\"wp-block-column is-vertically-aligned-center is-layout-flow wp-block-column-is-layout-flow\">\n<h2 class=\"wp-block-heading has-medium-font-size\" style=\"text-transform:uppercase\">Installations \u00e9lectriques et VMC <\/h2>\n\n\n\n<p>Nous sommes sp\u00e9cialis\u00e9s dans la r\u00e9alisation d&#8217;installations \u00e9lectriques de qualit\u00e9, que ce soit pour des projets de r\u00e9novation ou de construction neuve. Que vous soyez un particulier souhaitant moderniser votre habitation ou un professionnel ayant besoin d&#8217;une installation \u00e9lectrique fiable et performante, nous sommes l\u00e0 pour r\u00e9pondre \u00e0 vos besoins.<\/p>\n\n\n\n<p><\/p>\n<\/div>\n\n\n\n<div class=\"wp-block-column is-layout-flow wp-block-column-is-layout-flow\">\n<figure class=\"wp-block-gallery has-nested-images columns-default is-cropped wp-block-gallery-1 is-layout-flex wp-block-gallery-is-layout-flex\">\n<figure class=\"wp-block-image size-large\"><img loading=\"lazy\" decoding=\"async\" width=\"1024\" height=\"683\" src=\"https:\/\/goulmy-electricite.fr\/wp-content\/uploads\/2023\/11\/iStock-1436112665-1-1024x683.jpg\" alt=\"\" class=\"wp-image-375\" srcset=\"https:\/\/goulmy-electricite.fr\/wp-content\/uploads\/2023\/11\/iStock-1436112665-1-1024x683.jpg 1024w, https:\/\/goulmy-electricite.fr\/wp-content\/uploads\/2023\/11\/iStock-1436112665-1-300x200.jpg 300w, https:\/\/goulmy-electricite.fr\/wp-content\/uploads\/2023\/11\/iStock-1436112665-1-768x512.jpg 768w, https:\/\/goulmy-electricite.fr\/wp-content\/uploads\/2023\/11\/iStock-1436112665-1-1536x1024.jpg 1536w, https:\/\/goulmy-electricite.fr\/wp-content\/uploads\/2023\/11\/iStock-1436112665-1-2048x1365.jpg 2048w, https:\/\/goulmy-electricite.fr\/wp-content\/uploads\/2023\/11\/iStock-1436112665-1-930x620.jpg 930w\" sizes=\"(max-width: 1024px) 100vw, 1024px\" \/><\/figure>\n<\/figure>\n<\/div>\n<\/div>\n<\/div>\n\n\n\n<div class=\"wp-block-group has-global-padding is-layout-constrained wp-block-group-is-layout-constrained\">\n<div class=\"wp-block-columns is-layout-flex wp-container-core-columns-layout-2 wp-block-columns-is-layout-flex\">\n<div class=\"wp-block-column is-layout-flow wp-block-column-is-layout-flow\">\n<figure class=\"wp-block-gallery has-nested-images columns-default is-cropped wp-block-gallery-2 is-layout-flex wp-block-gallery-is-layout-flex\">\n<figure class=\"wp-block-image size-full\"><img loading=\"lazy\" decoding=\"async\" width=\"2560\" height=\"1694\" src=\"https:\/\/goulmy-electricite.fr\/wp-content\/uploads\/2024\/01\/iStock-1356967974-1-scaled.jpg\" alt=\"\" class=\"wp-image-687\" srcset=\"https:\/\/goulmy-electricite.fr\/wp-content\/uploads\/2024\/01\/iStock-1356967974-1-scaled.jpg 2560w, https:\/\/goulmy-electricite.fr\/wp-content\/uploads\/2024\/01\/iStock-1356967974-1-300x199.jpg 300w, https:\/\/goulmy-electricite.fr\/wp-content\/uploads\/2024\/01\/iStock-1356967974-1-1024x678.jpg 1024w, https:\/\/goulmy-electricite.fr\/wp-content\/uploads\/2024\/01\/iStock-1356967974-1-2000x1324.jpg 2000w\" sizes=\"(max-width: 2560px) 100vw, 2560px\" \/><\/figure>\n<\/figure>\n<\/div>\n\n\n\n<div class=\"wp-block-column is-vertically-aligned-center is-layout-flow wp-block-column-is-layout-flow\">\n<h2 id=\"wp-block-themeisle-blocks-advanced-heading-2d653ad3\" class=\"wp-block-themeisle-blocks-advanced-heading wp-block-themeisle-blocks-advanced-heading-2d653ad3\">D\u00c9PANNAGE ET R\u00c9PARATION <\/h2>\n\n\n\n<p class=\"has-text-align-left\">R\u00e9paration et D\u00e9pannage r\u00e9actif avec GOULMY \u00c9lectricit\u00e9. Nous comprenons que les pannes \u00e9lectriques surviennent parfois au moment le moins opportun. C&#8217;est pourquoi nous sommes pr\u00eats \u00e0 intervenir rapidement pour diagnostiquer et r\u00e9soudre tout probl\u00e8me \u00e9lectrique.<\/p>\n<\/div>\n<\/div>\n<\/div>\n\n\n\n<div class=\"wp-block-group alignfull has-background has-global-padding is-layout-constrained wp-block-group-is-layout-constrained\" style=\"background-color:#e5e9ec;padding-top:var(--wp--preset--spacing--small);padding-bottom:var(--wp--preset--spacing--small)\">\n<div class=\"wp-block-columns is-layout-flex wp-container-core-columns-layout-3 wp-block-columns-is-layout-flex\" style=\"padding-right:0;padding-left:0\">\n<div class=\"wp-block-column is-vertically-aligned-center is-layout-flow wp-block-column-is-layout-flow\">\n<h2 class=\"wp-block-heading has-medium-font-size\" style=\"text-transform:uppercase\">Mise en conformit\u00e9 \u00e9lectrique<\/h2>\n\n\n\n<p>La s\u00e9curit\u00e9 \u00e9lectrique est une pr\u00e9occupation majeure que ce soit pour les particuliers ou les professionnels dont l\u2019\u00e9tablissement re\u00e7oit du public. Suite \u00e0 un audit approfondi de vos installations \u00e9lectriques, il est essentiel de prendre les mesures n\u00e9cessaires pour garantir la conformit\u00e9 et assurer la s\u00e9curit\u00e9 de tous. Que ce soit pour la mise en place de nouvelles normes ou la correction des anomalies d\u00e9tect\u00e9es lors d\u2019un audit, nous sommes l\u00e0 pour vous guider \u00e0 chaque \u00e9tape. Notre objectif est de vous offrir une installation \u00e9lectrique fiable, s\u00e9curis\u00e9e et conforme aux r\u00e9glementations en vigueur.<\/p>\n\n\n\n<p><\/p>\n<\/div>\n\n\n\n<div class=\"wp-block-column is-layout-flow wp-block-column-is-layout-flow\">\n<figure class=\"wp-block-gallery has-nested-images columns-default is-cropped wp-block-gallery-3 is-layout-flex wp-block-gallery-is-layout-flex\">\n<figure class=\"wp-block-image size-large\"><img loading=\"lazy\" decoding=\"async\" width=\"1024\" height=\"556\" src=\"https:\/\/goulmy-electricite.fr\/wp-content\/uploads\/2024\/01\/iStock-1211258441-1024x556.jpg\" alt=\"\" class=\"wp-image-626\" srcset=\"https:\/\/goulmy-electricite.fr\/wp-content\/uploads\/2024\/01\/iStock-1211258441-1024x556.jpg 1024w, https:\/\/goulmy-electricite.fr\/wp-content\/uploads\/2024\/01\/iStock-1211258441-300x163.jpg 300w, https:\/\/goulmy-electricite.fr\/wp-content\/uploads\/2024\/01\/iStock-1211258441-2000x1087.jpg 2000w\" sizes=\"(max-width: 1024px) 100vw, 1024px\" \/><\/figure>\n<\/figure>\n<\/div>\n<\/div>\n<\/div>\n\n\n\n<div class=\"wp-block-group has-global-padding is-layout-constrained wp-block-group-is-layout-constrained\">\n<div class=\"wp-block-columns is-layout-flex wp-container-core-columns-layout-4 wp-block-columns-is-layout-flex\">\n<div class=\"wp-block-column is-layout-flow wp-block-column-is-layout-flow\">\n<figure class=\"wp-block-image size-full is-resized\"><img loading=\"lazy\" decoding=\"async\" width=\"2560\" height=\"1551\" src=\"https:\/\/goulmy-electricite.fr\/wp-content\/uploads\/2024\/01\/iStock-1647580878-scaled.jpg\" alt=\"\" class=\"wp-image-633\" style=\"width:461px;height:auto\" srcset=\"https:\/\/goulmy-electricite.fr\/wp-content\/uploads\/2024\/01\/iStock-1647580878-scaled.jpg 2560w, https:\/\/goulmy-electricite.fr\/wp-content\/uploads\/2024\/01\/iStock-1647580878-300x182.jpg 300w, https:\/\/goulmy-electricite.fr\/wp-content\/uploads\/2024\/01\/iStock-1647580878-1024x620.jpg 1024w, https:\/\/goulmy-electricite.fr\/wp-content\/uploads\/2024\/01\/iStock-1647580878-2000x1212.jpg 2000w\" sizes=\"(max-width: 2560px) 100vw, 2560px\" \/><\/figure>\n<\/div>\n\n\n\n<div class=\"wp-block-column is-vertically-aligned-center is-layout-flow wp-block-column-is-layout-flow\">\n<h2 id=\"wp-block-themeisle-blocks-advanced-heading-e09a138b\" class=\"wp-block-themeisle-blocks-advanced-heading wp-block-themeisle-blocks-advanced-heading-e09a138b\">GESTION \u00c9NERG\u00c9TIQUE <\/h2>\n\n\n\n<p class=\"has-text-align-left\">La gestion \u00e9nerg\u00e9tique est un enjeu majeur dans notre soci\u00e9t\u00e9 moderne. Pour optimiser votre consommation d&#8217;\u00e9nergie et r\u00e9duire votre empreinte carbone, plusieurs solutions s&#8217;offrent \u00e0 vous. Que ce soit en terme de chauffage, d\u2019\u00e9clairage LED, de borne \u00e9lectriques, etc. de nombreuses solutions adapt\u00e9es vous seront propos\u00e9es pour une gestion \u00e9nerg\u00e9tique responsable.<\/p>\n<\/div>\n<\/div>\n<\/div>\n\n\n\n<div class=\"wp-block-group alignfull has-background has-global-padding is-layout-constrained wp-block-group-is-layout-constrained\" style=\"background-color:#e5e9ec;padding-top:var(--wp--preset--spacing--small);padding-bottom:var(--wp--preset--spacing--small)\">\n<div class=\"wp-block-columns is-layout-flex wp-container-core-columns-layout-5 wp-block-columns-is-layout-flex\" style=\"padding-right:0;padding-left:0\">\n<div class=\"wp-block-column is-vertically-aligned-center is-layout-flow wp-block-column-is-layout-flow\">\n<h2 class=\"wp-block-heading has-medium-font-size\" style=\"text-transform:uppercase\">Qui sommes nous ?<\/h2>\n\n\n\n<p>Goulmy Electricit\u00e9, votre partenaire de confiance pour tous vos besoins en \u00e9lectricit\u00e9. Notre entreprise est sp\u00e9cialis\u00e9e dans l&#8217;installation, la maintenance et la r\u00e9paration des syst\u00e8mes \u00e9lectriques pour les particuliers et les professionnels autour de Dinan, Dinard et St Malo.<\/p>\n\n\n\n<div class=\"wp-block-buttons is-horizontal is-content-justification-left is-layout-flex wp-container-core-buttons-layout-1 wp-block-buttons-is-layout-flex\">\n<div class=\"wp-block-button is-style-outline\"><a class=\"wp-block-button__link wp-element-button\" href=\"https:\/\/goulmy-electricite.fr\/index.php\/demande-dinformation\/index.php\/demande-dinformation\/\">Nous contacter<\/a><\/div>\n<\/div>\n\n\n\n<p><\/p>\n<\/div>\n\n\n\n<div class=\"wp-block-column is-layout-flow wp-block-column-is-layout-flow\">\n<figure class=\"wp-block-image size-large is-resized\"><img loading=\"lazy\" decoding=\"async\" width=\"1024\" height=\"768\" src=\"https:\/\/goulmy-electricite.fr\/wp-content\/uploads\/2023\/11\/Mockup-logo-final-1-1024x768.jpg\" alt=\"\" class=\"wp-image-376\" style=\"width:495px;height:auto\" srcset=\"https:\/\/goulmy-electricite.fr\/wp-content\/uploads\/2023\/11\/Mockup-logo-final-1-1024x768.jpg 1024w, https:\/\/goulmy-electricite.fr\/wp-content\/uploads\/2023\/11\/Mockup-logo-final-1-300x225.jpg 300w, https:\/\/goulmy-electricite.fr\/wp-content\/uploads\/2023\/11\/Mockup-logo-final-1-768x576.jpg 768w, https:\/\/goulmy-electricite.fr\/wp-content\/uploads\/2023\/11\/Mockup-logo-final-1-1536x1152.jpg 1536w, https:\/\/goulmy-electricite.fr\/wp-content\/uploads\/2023\/11\/Mockup-logo-final-1.jpg 2000w\" sizes=\"(max-width: 1024px) 100vw, 1024px\" \/><\/figure>\n<\/div>\n<\/div>\n\n\n\n<h6 id=\"wp-block-themeisle-blocks-advanced-heading-1cd52170\" class=\"wp-block-themeisle-blocks-advanced-heading wp-block-themeisle-blocks-advanced-heading-1cd52170\">                                                                                                                                                  <\/h6>\n<\/div>\n","protected":false},"excerpt":{"rendered":"<p>Installations \u00e9lectriques et VMC Nous sommes sp\u00e9cialis\u00e9s dans la r\u00e9alisation d&#8217;installations \u00e9lectriques de qualit\u00e9, que ce soit pour des projets de r\u00e9novation ou de construction neuve. Que vous soyez un particulier souhaitant moderniser votre habitation ou un professionnel ayant besoin d&#8217;une installation \u00e9lectrique fiable et performante, nous sommes l\u00e0 pour r\u00e9pondre \u00e0 vos besoins. R\u00e9paration &hellip; <\/p>\n<p class=\"link-more\"><a href=\"https:\/\/goulmy-electricite.fr\/\" class=\"more-link\">Read more<span class=\"screen-reader-text\"> &#8220;Accueil&#8221;<\/span><\/a><\/p>\n","protected":false},"author":1,"featured_media":0,"parent":0,"menu_order":1,"comment_status":"closed","ping_status":"closed","template":"page-templates\/full-width-builder-bb.php","meta":{"_themeisle_gutenberg_block_has_review":false,"_ti_tpc_template_sync":false,"_ti_tpc_template_id":"","footnotes":""},"_links":{"self":[{"href":"https:\/\/goulmy-electricite.fr\/index.php\/wp-json\/wp\/v2\/pages\/10"}],"collection":[{"href":"https:\/\/goulmy-electricite.fr\/index.php\/wp-json\/wp\/v2\/pages"}],"about":[{"href":"https:\/\/goulmy-electricite.fr\/index.php\/wp-json\/wp\/v2\/types\/page"}],"author":[{"embeddable":true,"href":"https:\/\/goulmy-electricite.fr\/index.php\/wp-json\/wp\/v2\/users\/1"}],"replies":[{"embeddable":true,"href":"https:\/\/goulmy-electricite.fr\/index.php\/wp-json\/wp\/v2\/comments?post=10"}],"version-history":[{"count":55,"href":"https:\/\/goulmy-electricite.fr\/index.php\/wp-json\/wp\/v2\/pages\/10\/revisions"}],"predecessor-version":[{"id":698,"href":"https:\/\/goulmy-electricite.fr\/index.php\/wp-json\/wp\/v2\/pages\/10\/revisions\/698"}],"wp:attachment":[{"href":"https:\/\/goulmy-electricite.fr\/index.php\/wp-json\/wp\/v2\/media?parent=10"}],"curies":[{"name":"wp","href":"https:\/\/api.w.org\/{rel}","templated":true}]}}